{"id":2409,"date":"2025-10-04T00:01:38","date_gmt":"2025-10-04T00:01:38","guid":{"rendered":"https:\/\/dfoto.pl\/?page_id=2409"},"modified":"2025-10-04T00:01:38","modified_gmt":"2025-10-04T00:01:38","slug":"v-e-weglany-uranylowe","status":"publish","type":"page","link":"https:\/\/dfoto.pl\/index.php\/about\/mineraly\/iv-tlenki-i-wodorotlenki\/v-e-weglany-uranylowe\/","title":{"rendered":"V\/E \u2013 W\u0119glany uranylowe"},"content":{"rendered":"<p><strong>Grupa V\/E Strunza (2025) \u2013 W\u0119glany uranylowe (Uranyl carbonates)<\/strong> obejmuje wt\u00f3rne minera\u0142y uranu z anionem w\u0119glanowym CO\u2083\u00b2\u207b i kationem uranylowym UO\u2082\u00b2\u207a. W systemie Strunz-Mindat dzia\u0142 5.E dzieli si\u0119 wed\u0142ug stosunku UO\u2082:CO\u2083 oraz obecno\u015bci dodatkowych grup (SO\u2084\u00b2\u207b, SiO\u2084\u2074\u207b). To typowe fazy stref utleniania z\u0142\u00f3\u017c uranowych, zwykle silnie uwodnione i cz\u0119sto o \u017cywych barwach (\u017c\u00f3\u0142cie, zielenie).<\/p>\n<p><strong>Podzia\u0142 5.E:<\/strong><\/p>\n<ul>\n<li><strong>5.EA \u2013 UO\u2082:CO\u2083 &gt; 1:1<\/strong> \u2013 np. <strong>urancalcarit<\/strong> Ca(UO\u2082)\u2083(CO\u2083)(OH)\u2086\u00b73H\u2082O, <strong>wyartyt<\/strong> CaU\u2075\u207a(UO\u2082)\u2082(CO\u2083)O\u2084(OH)\u00b77H\u2082O, <strong>roubaultyt<\/strong> Cu\u2082(UO\u2082)\u2083(CO\u2083)\u2082O\u2082(OH)\u2082\u00b74H\u2082O, <strong>kamotoit-(Y)<\/strong> Y\u2082(UO\u2082)\u2084(CO\u2083)\u2083O\u2084\u00b714H\u2082O.<\/li>\n<li><strong>5.EB \u2013 UO\u2082:CO\u2083 = 1:1<\/strong> \u2013 <strong>rutherfordyn<\/strong> (UO\u2082)CO\u2083, <strong>blatonit<\/strong> (UO\u2082)CO\u2083\u00b7H\u2082O, <strong>joliotyt<\/strong> (UO\u2082)CO\u2083\u00b7nH\u2082O, <strong>bijvoetyt-(Y)<\/strong> Y\u2088(UO\u2082)\u2081\u2086(CO\u2083)\u2081\u2086O\u2088(OH)\u2088\u00b739H\u2082O.<\/li>\n<li><strong>5.EC \u2013 UO\u2082:CO\u2083 &lt; 1:1 \u2013 1:2<\/strong> \u2013 <strong>fontanit<\/strong> Ca(UO\u2082)\u2083(CO\u2083)\u2084\u00b73H\u2082O, <strong>zelleryt \/ metazelleryt<\/strong> Ca(UO\u2082)(CO\u2083)\u2082\u00b75H\u2082O \/ \u00b73H\u2082O, <strong>ewingit<\/strong> Mg\u2088Ca\u2088(UO\u2082)\u2082\u2084(CO\u2083)\u2083\u2080O\u2084(OH)\u2081\u2082(H\u2082O)\u2081\u2083\u2088.<\/li>\n<li><strong>5.ED \u2013 UO\u2082:CO\u2083 = 1:3<\/strong> \u2013 <strong>bayleyit<\/strong> Mg\u2082(UO\u2082)(CO\u2083)\u2083\u00b718H\u2082O, <strong>liebigit<\/strong> Ca\u2082(UO\u2082)(CO\u2083)\u2083\u00b711H\u2082O, <strong>andersonit<\/strong> Na\u2082Ca(UO\u2082)(CO\u2083)\u2083\u00b76H\u2082O, <strong>grimselit<\/strong> K\u2083Na(UO\u2082)(CO\u2083)\u2083\u00b7H\u2082O, <strong>widenmannit<\/strong> Pb\u2082(OH)\u2082[(UO\u2082)(CO\u2083)\u2082].<\/li>\n<li><strong>5.EE \u2013 UO\u2082:CO\u2083 = 1:4<\/strong> \u2013 <strong>voglit<\/strong> Ca\u2082Cu(UO\u2082)(CO\u2083)\u2084\u00b76H\u2082O, <strong>shabaite-(Nd)<\/strong> Ca(Nd,Sm,Y)\u2082(UO\u2082)(CO\u2083)\u2084(OH)\u2082\u00b76H\u2082O.<\/li>\n<li><strong>5.EF \u2013 UO\u2082:CO\u2083 = 1:5<\/strong> \u2013 <strong>astrocyanit-(Ce)<\/strong> Cu\u2082(Ce,Nd,La)\u2082(UO\u2082)(CO\u2083)\u2085(OH)\u2082\u00b71.5H\u2082O.<\/li>\n<li><strong>5.EG \u2013 z SO\u2084 lub SiO\u2084<\/strong> \u2013 <strong>schr\u00f6ckingerit<\/strong> NaCa\u2083(UO\u2082)(CO\u2083)\u2083(SO\u2084)F\u00b710H\u2082O, <strong>lepersonnit-(Gd)\/(Nd)<\/strong> \u2026(SiO\u2084)\u2084(CO\u2083)\u2088(OH)\u2082\u2084\u2013\u2082\u2088\u00b748H\u2082O, <strong>je\u017eekit<\/strong> Na\u2088<a href=\"https:\/\/chatgpt.com\/c\/SO%E2%82%84\">(UO\u2082)(CO\u2083)\u2083<\/a>\u2082\u00b73H\u2082O.<\/li>\n<\/ul>\n","protected":false},"excerpt":{"rendered":"<p>Grupa V\/E Strunza (2025) \u2013 W\u0119glany uranylowe (Uranyl carbonates) obejmuje wt\u00f3rne minera\u0142y uranu z anionem w\u0119glanowym CO\u2083\u00b2\u207b i kationem uranylowym&hellip; <\/p>\n","protected":false},"author":1,"featured_media":0,"parent":2248,"menu_order":0,"comment_status":"closed","ping_status":"closed","template":"","meta":{"give_campaign_id":0,"_monsterinsights_skip_tracking":false,"_monsterinsights_sitenote_active":false,"_monsterinsights_sitenote_note":"","_monsterinsights_sitenote_category":0,"_uf_show_specific_survey":0,"_uf_disable_surveys":false,"footnotes":""},"class_list":["post-2409","page","type-page","status-publish","hentry"],"aioseo_notices":[],"campaignId":"","_links":{"self":[{"href":"https:\/\/dfoto.pl\/index.php\/wp-json\/wp\/v2\/pages\/2409","targetHints":{"allow":["GET"]}}],"collection":[{"href":"https:\/\/dfoto.pl\/index.php\/wp-json\/wp\/v2\/pages"}],"about":[{"href":"https:\/\/dfoto.pl\/index.php\/wp-json\/wp\/v2\/types\/page"}],"author":[{"embeddable":true,"href":"https:\/\/dfoto.pl\/index.php\/wp-json\/wp\/v2\/users\/1"}],"replies":[{"embeddable":true,"href":"https:\/\/dfoto.pl\/index.php\/wp-json\/wp\/v2\/comments?post=2409"}],"version-history":[{"count":1,"href":"https:\/\/dfoto.pl\/index.php\/wp-json\/wp\/v2\/pages\/2409\/revisions"}],"predecessor-version":[{"id":2410,"href":"https:\/\/dfoto.pl\/index.php\/wp-json\/wp\/v2\/pages\/2409\/revisions\/2410"}],"up":[{"embeddable":true,"href":"https:\/\/dfoto.pl\/index.php\/wp-json\/wp\/v2\/pages\/2248"}],"wp:attachment":[{"href":"https:\/\/dfoto.pl\/index.php\/wp-json\/wp\/v2\/media?parent=2409"}],"curies":[{"name":"wp","href":"https:\/\/api.w.org\/{rel}","templated":true}]}}