{"id":2380,"date":"2025-10-02T23:43:12","date_gmt":"2025-10-02T23:43:12","guid":{"rendered":"https:\/\/dfoto.pl\/?page_id=2380"},"modified":"2025-10-02T23:43:12","modified_gmt":"2025-10-02T23:43:12","slug":"iv-k-jodany","status":"publish","type":"page","link":"https:\/\/dfoto.pl\/index.php\/about\/mineraly\/iv-tlenki-i-wodorotlenki\/iv-k-jodany\/","title":{"rendered":"IV\/K \u2013 Jodany"},"content":{"rendered":"<p><strong>Grupa IV\/K Strunza (2025) \u2013 Jodany (Iodates)<\/strong> obejmuje minera\u0142y, w kt\u00f3rych anionem wiod\u0105cym s\u0105 <strong>piramidy tr\u00f3jk\u0105tne [IO\u2083]\u207b<\/strong>. W uj\u0119ciu Strunz-Mindat dzia\u0142 <strong>4.K<\/strong> dzieli si\u0119 na:<\/p>\n<ul>\n<li><strong>4.KA \u2013 jodany bez dodatkowych anion\u00f3w, bez H\u2082O<\/strong>,<\/li>\n<li><strong>4.KB \u2013 z dodatkowymi anionami (np. OH\u207b, Cl\u207b), bez H\u2082O<\/strong>,<\/li>\n<li><strong>4.KC \u2013 bez dodatkowych anion\u00f3w, z H\u2082O<\/strong> oraz<\/li>\n<li><strong>4.KD \u2013 z dodatkowymi anionami, z H\u2082O<\/strong>.<\/li>\n<\/ul>\n<p>To zwykle minera\u0142y stref utleniania w suchym klimacie (\u015brodowiska ewaporatowe, z\u0142o\u017ca saletrzano-jodanowe), cz\u0119sto kruche, o barwach od bezbarwnych i bia\u0142ych po \u017c\u00f3\u0142tawe i zielonkawe.<\/p>\n<p>Przyk\u0142ady: <strong>lautarit<\/strong> Ca(IO\u2083)\u2082 (4.KA.05); <strong>salesyt<\/strong> Cu(IO\u2083)(OH), <strong>seeligerit<\/strong> Pb\u2083(IO\u2083)OCl\u2083, <strong>schwartzembergite<\/strong> Pb\u2085H\u2082(IO\u2082)O\u2084Cl\u2083 oraz rzadki <strong>bluebellite<\/strong> Cu\u2086<a href=\"https:\/\/chatgpt.com\/c\/OH\">(I\u2075\u207aO\u2083)(OH)\u2083<\/a>\u2087Cl (4.KB); uwodnione <strong>bellingeryt<\/strong> Cu\u2083(IO\u2083)\u2086\u00b72H\u2082O i <strong>br\u00fcggenit<\/strong> Ca(IO\u2083)\u2082\u00b7H\u2082O (4.KC); a w\u015br\u00f3d form z dodatkowymi anionami i H\u2082O \u2013 <strong>dietzeit<\/strong> Ca\u2082(IO\u2083)\u2082(CrO\u2084)\u00b7H\u2082O oraz <strong>george-ericksenit<\/strong> Na\u2086CaMg(IO\u2083)\u2086(CrO\u2084)\u2082\u00b712H\u2082O (4.KD). Uk\u0142ad i przypisania gatunk\u00f3w odpowiadaj\u0105 aktualnej tabeli Strunz-Mindat (2025).<\/p>\n","protected":false},"excerpt":{"rendered":"<p>Grupa IV\/K Strunza (2025) \u2013 Jodany (Iodates) obejmuje minera\u0142y, w kt\u00f3rych anionem wiod\u0105cym s\u0105 piramidy tr\u00f3jk\u0105tne [IO\u2083]\u207b. W uj\u0119ciu Strunz-Mindat&hellip; <\/p>\n","protected":false},"author":1,"featured_media":0,"parent":2248,"menu_order":0,"comment_status":"closed","ping_status":"closed","template":"","meta":{"give_campaign_id":0,"_monsterinsights_skip_tracking":false,"_monsterinsights_sitenote_active":false,"_monsterinsights_sitenote_note":"","_monsterinsights_sitenote_category":0,"_uf_show_specific_survey":0,"_uf_disable_surveys":false,"footnotes":""},"class_list":["post-2380","page","type-page","status-publish","hentry"],"aioseo_notices":[],"campaignId":"","_links":{"self":[{"href":"https:\/\/dfoto.pl\/index.php\/wp-json\/wp\/v2\/pages\/2380","targetHints":{"allow":["GET"]}}],"collection":[{"href":"https:\/\/dfoto.pl\/index.php\/wp-json\/wp\/v2\/pages"}],"about":[{"href":"https:\/\/dfoto.pl\/index.php\/wp-json\/wp\/v2\/types\/page"}],"author":[{"embeddable":true,"href":"https:\/\/dfoto.pl\/index.php\/wp-json\/wp\/v2\/users\/1"}],"replies":[{"embeddable":true,"href":"https:\/\/dfoto.pl\/index.php\/wp-json\/wp\/v2\/comments?post=2380"}],"version-history":[{"count":1,"href":"https:\/\/dfoto.pl\/index.php\/wp-json\/wp\/v2\/pages\/2380\/revisions"}],"predecessor-version":[{"id":2381,"href":"https:\/\/dfoto.pl\/index.php\/wp-json\/wp\/v2\/pages\/2380\/revisions\/2381"}],"up":[{"embeddable":true,"href":"https:\/\/dfoto.pl\/index.php\/wp-json\/wp\/v2\/pages\/2248"}],"wp:attachment":[{"href":"https:\/\/dfoto.pl\/index.php\/wp-json\/wp\/v2\/media?parent=2380"}],"curies":[{"name":"wp","href":"https:\/\/api.w.org\/{rel}","templated":true}]}}