{"id":2332,"date":"2025-10-02T16:40:46","date_gmt":"2025-10-02T16:40:46","guid":{"rendered":"https:\/\/dfoto.pl\/?page_id=2332"},"modified":"2025-10-02T22:43:45","modified_gmt":"2025-10-02T22:43:45","slug":"iii-c-halogenki-zlozone","status":"publish","type":"page","link":"https:\/\/dfoto.pl\/index.php\/about\/mineraly\/iii-halogenki\/iii-c-halogenki-zlozone\/","title":{"rendered":"III\/C \u2013 Halogenki z\u0142o\u017cone"},"content":{"rendered":"<p><strong>Grupa III\/C Strunza (2025) \u2013 Halogenki z\u0142o\u017cone (Complex halides)<\/strong> obejmuje minera\u0142y z anionami z\u0142o\u017conymi (np. [BF\u2084]\u207b, [AlF\u2086]\u00b3\u207b, [SiF\u2086]\u00b2\u207b, a tak\u017ce kompleksami typu [MCl\u2086]\u207f\u207b), cz\u0119sto tworz\u0105ce charakterystyczne motywy neso-, soro-, ino-, phyllo- i tekto-aluminofluork\u00f3w. Powstaj\u0105 g\u0142\u00f3wnie w ska\u0142ach peralkalicznych i pegmatytach F-bogatych, w \u015brodowiskach pneumatolityczno-hydrotermalnych, a odmiany z kompleksami [M X\u2086] spotyka si\u0119 te\u017c w asocjacjach ewaporatowo-wulkanicznych. Podzia\u0142 dzia\u0142u 3.C obejmuje m.in.:<\/p>\n<ul>\n<li>3.CA\u2013CG (borofluorki i r\u00f3\u017cne typy aluminofluork\u00f3w),<\/li>\n<li>3.CH (silikofluorki),<\/li>\n<li>3.CJ (kompleksy [M X\u2086])<\/li>\n<li>3.CK (\u201ehalogenki Bi itd.\u201d).<\/li>\n<\/ul>\n<p>Przyk\u0142ady reprezentatywne: <strong>ferrukcyt<\/strong> Na[BF\u2084] i <strong>avogadryt<\/strong> (K,Cs)[BF\u2084] \u2013 3.CA; <strong>kriolit<\/strong> Na\u2083AlF\u2086, <strong>elpasolit<\/strong> K\u2082NaAlF\u2086, <strong>colquiriit<\/strong> CaLi[AlF\u2086], <strong>weberyt<\/strong> Na\u2082Mg[AlF\u2086]F \u2013 3.CB; <strong>gearksutit<\/strong> Ca[Al(F,OH)\u2085(H\u2082O)] i <strong>artroeit<\/strong> Pb[AlF\u2083(OH)\u2082] \u2013 3.CC; <strong>prosopit<\/strong> CaAl\u2082F\u2084[(OH)\u2084\u208b\u2093F\u2093] \u2013 3.CD; <strong>chiolit<\/strong> Na\u2085Al\u2083F\u2081\u2084 \u2013 3.CE; <strong>b\u00f8gvadyt<\/strong> Na\u2082SrBa\u2082Al\u2084F\u2082\u2080 \u2013 3.CF; <strong>kreedyt<\/strong> Ca\u2083Al\u2082(SO\u2084)(OH)\u2082F\u2088\u00b72H\u2082O oraz <strong>chuchrowit-(Ce)<\/strong> Ca\u2083CeAl\u2082(SO\u2084)F\u2081\u2083\u00b712H\u2082O \u2013 3.CG; <strong>malladryt<\/strong> Na\u2082[SiF\u2086] i <strong>bararyt<\/strong> (NH\u2084)\u2082[SiF\u2086] \u2013 3.CH; a dla 3.CJ: <strong>rinneit<\/strong> K\u2083Na[FeCl\u2086], <strong>chlormanganokalit<\/strong> K\u2084[MnCl\u2086], <strong>erytrosyderyt<\/strong> K\u2082[Fe\u00b3\u207aCl\u2085(H\u2082O)].<\/p>\n<p>Numer zg\u0142oszenia &#8211; 272595<\/p>\n","protected":false},"excerpt":{"rendered":"<p>Grupa III\/C Strunza (2025) \u2013 Halogenki z\u0142o\u017cone (Complex halides) obejmuje minera\u0142y z anionami z\u0142o\u017conymi (np. [BF\u2084]\u207b, [AlF\u2086]\u00b3\u207b, [SiF\u2086]\u00b2\u207b, a tak\u017ce&hellip; <\/p>\n","protected":false},"author":1,"featured_media":0,"parent":2246,"menu_order":0,"comment_status":"closed","ping_status":"closed","template":"","meta":{"give_campaign_id":0,"_monsterinsights_skip_tracking":false,"_monsterinsights_sitenote_active":false,"_monsterinsights_sitenote_note":"","_monsterinsights_sitenote_category":0,"_uf_show_specific_survey":0,"_uf_disable_surveys":false,"footnotes":""},"class_list":["post-2332","page","type-page","status-publish","hentry"],"aioseo_notices":[],"campaignId":"","_links":{"self":[{"href":"https:\/\/dfoto.pl\/index.php\/wp-json\/wp\/v2\/pages\/2332","targetHints":{"allow":["GET"]}}],"collection":[{"href":"https:\/\/dfoto.pl\/index.php\/wp-json\/wp\/v2\/pages"}],"about":[{"href":"https:\/\/dfoto.pl\/index.php\/wp-json\/wp\/v2\/types\/page"}],"author":[{"embeddable":true,"href":"https:\/\/dfoto.pl\/index.php\/wp-json\/wp\/v2\/users\/1"}],"replies":[{"embeddable":true,"href":"https:\/\/dfoto.pl\/index.php\/wp-json\/wp\/v2\/comments?post=2332"}],"version-history":[{"count":3,"href":"https:\/\/dfoto.pl\/index.php\/wp-json\/wp\/v2\/pages\/2332\/revisions"}],"predecessor-version":[{"id":2350,"href":"https:\/\/dfoto.pl\/index.php\/wp-json\/wp\/v2\/pages\/2332\/revisions\/2350"}],"up":[{"embeddable":true,"href":"https:\/\/dfoto.pl\/index.php\/wp-json\/wp\/v2\/pages\/2246"}],"wp:attachment":[{"href":"https:\/\/dfoto.pl\/index.php\/wp-json\/wp\/v2\/media?parent=2332"}],"curies":[{"name":"wp","href":"https:\/\/api.w.org\/{rel}","templated":true}]}}