{"id":2318,"date":"2025-10-01T23:18:29","date_gmt":"2025-10-01T23:18:29","guid":{"rendered":"https:\/\/dfoto.pl\/?page_id=2318"},"modified":"2025-10-01T23:18:29","modified_gmt":"2025-10-01T23:18:29","slug":"ii-m-oksysiarkosole","status":"publish","type":"page","link":"https:\/\/dfoto.pl\/index.php\/about\/mineraly\/ii-siarczki-i-siarkosole\/ii-m-oksysiarkosole\/","title":{"rendered":"II\/M \u2013 Oksysiarkosole"},"content":{"rendered":"<p><strong>Grupa II\/M Strunza (2025) \u2013 Oksysiarkosole (Oxysulfosalts)<\/strong> obejmuje z\u0142o\u017cone siarczki, w kt\u00f3rych w anionowej cz\u0119\u015bci struktury \u2013 obok S \u2013 obecny jest tak\u017ce tlen (cz\u0119sto r\u00f3wnie\u017c OH i\/lub H\u2082O). W aktualnym uk\u0142adzie Strunz-Mindat dzia\u0142 2.M figuruje jawnie jako <strong>Oxysulfosalts<\/strong>; w\u015br\u00f3d poddzia\u0142\u00f3w wyr\u00f3\u017cniono m.in. <strong>2.MA \u2013 oksysiarkosole alkali\u00f3w i ziem alkalicznych<\/strong>. Minera\u0142y te mostkuj\u0105 cechy klasycznych siarkosoli i \u201eoxysalt\u00f3w\u201d, a chemicznie dominuj\u0105 w nich Sb\/As\/Bi wraz z kationami Ag, Cu, Pb, Tl, Na, K, Ca itp. (<a title=\"Strunz-mindat (2025) Classification - SULFIDES and SULFOSALTS (sulfides, selenides, tellurides; arsenides, antimonides, bismuthides; sulfarsenites, sulfantimonites, sulfbismuthites, etc.)\" href=\"https:\/\/www.mindat.org\/strunz.php?a=2\">Mindat<\/a>)<\/p>\n<p>Przyk\u0142adowe gatunki 2.M (ze wskazaniem 2.MA): <strong>ottensyt<\/strong> (Na,K)\u2083Sb\u2086(SbS\u2083)O\u2089\u00b73H\u2082O (2.MA.05), <strong>cetineit<\/strong> (K,Na)\u2086Sb\u2081\u2082(SbS\u2083)\u2082O\u2081\u2088(OH)\u2080\u2024\u2085\u00b75\u20245H\u2082O (2.MA.05), <strong>sarabauit<\/strong> CaSb\u2081\u2080S\u2086O\u2081\u2080 (2.MA.10), <strong>cafeosit<\/strong> Ca\u2084Fe\u00b2\u207a\u2083Fe\u00b3\u207a\u2082\u25a1O\u2086S\u2084 (2.MA.15) oraz <strong>thionasilit<\/strong> Na\u2082Si\u2082S\u2082O\u2083 (2.MA.20). Zestaw ten dobrze ilustruje udzia\u0142 tlenu (i nierzadko wody) w strukturach siarkosoli oraz preferencj\u0119 dla \u015brodowisk hydrotermalnych\/oksydacyjnych zwi\u0105zanych z mineralizacj\u0105 Sb\u2013As\u2013Bi. (<a title=\"Ottensite: Mineral information, data and localities.\" href=\"https:\/\/www.mindat.org\/min-29259.html\">Mindat<\/a>)<\/p>\n","protected":false},"excerpt":{"rendered":"<p>Grupa II\/M Strunza (2025) \u2013 Oksysiarkosole (Oxysulfosalts) obejmuje z\u0142o\u017cone siarczki, w kt\u00f3rych w anionowej cz\u0119\u015bci struktury \u2013 obok S \u2013&hellip; <\/p>\n","protected":false},"author":1,"featured_media":0,"parent":2241,"menu_order":0,"comment_status":"closed","ping_status":"closed","template":"","meta":{"give_campaign_id":0,"_monsterinsights_skip_tracking":false,"_monsterinsights_sitenote_active":false,"_monsterinsights_sitenote_note":"","_monsterinsights_sitenote_category":0,"_uf_show_specific_survey":0,"_uf_disable_surveys":false,"footnotes":""},"class_list":["post-2318","page","type-page","status-publish","hentry"],"aioseo_notices":[],"campaignId":"","_links":{"self":[{"href":"https:\/\/dfoto.pl\/index.php\/wp-json\/wp\/v2\/pages\/2318","targetHints":{"allow":["GET"]}}],"collection":[{"href":"https:\/\/dfoto.pl\/index.php\/wp-json\/wp\/v2\/pages"}],"about":[{"href":"https:\/\/dfoto.pl\/index.php\/wp-json\/wp\/v2\/types\/page"}],"author":[{"embeddable":true,"href":"https:\/\/dfoto.pl\/index.php\/wp-json\/wp\/v2\/users\/1"}],"replies":[{"embeddable":true,"href":"https:\/\/dfoto.pl\/index.php\/wp-json\/wp\/v2\/comments?post=2318"}],"version-history":[{"count":1,"href":"https:\/\/dfoto.pl\/index.php\/wp-json\/wp\/v2\/pages\/2318\/revisions"}],"predecessor-version":[{"id":2319,"href":"https:\/\/dfoto.pl\/index.php\/wp-json\/wp\/v2\/pages\/2318\/revisions\/2319"}],"up":[{"embeddable":true,"href":"https:\/\/dfoto.pl\/index.php\/wp-json\/wp\/v2\/pages\/2241"}],"wp:attachment":[{"href":"https:\/\/dfoto.pl\/index.php\/wp-json\/wp\/v2\/media?parent=2318"}],"curies":[{"name":"wp","href":"https:\/\/api.w.org\/{rel}","templated":true}]}}