{"id":2315,"date":"2025-10-01T23:16:00","date_gmt":"2025-10-01T23:16:00","guid":{"rendered":"https:\/\/dfoto.pl\/?page_id=2315"},"modified":"2025-10-01T23:16:00","modified_gmt":"2025-10-01T23:16:00","slug":"ii-l-siarkosole-niesklasyfikowane","status":"publish","type":"page","link":"https:\/\/dfoto.pl\/index.php\/about\/mineraly\/ii-siarczki-i-siarkosole\/ii-l-siarkosole-niesklasyfikowane\/","title":{"rendered":"II\/L \u2013 Siarkosole niesklasyfikowane"},"content":{"rendered":"<p><strong>Grupa II\/L Strunza (2025) \u2013 Siarkosole niesklasyfikowane (Unclassified sulfosalts)<\/strong> obejmuje z\u0142o\u017cone siarczki z udzia\u0142em p\u00f3\u0142metali (Sb, As, Bi \u2013 cz\u0119sto te\u017c Tl, Hg, Ag, Cu itd.), kt\u00f3re nie mieszcz\u0105 si\u0119 w \u201earchetypach\u201d SnS (2.H), PbS (2.J) ani w dzia\u0142ach siarkarsenian\u00f3w\/siarkantymonian\u00f3w (2.K). To g\u0142\u00f3wnie rzadkie, z\u0142o\u017cone gatunki o wielosk\u0142adnikowych formu\u0142ach i\/lub nietypowych motywach strukturalnych. W uj\u0119ciu Strunz-Mindat (2025) dzia\u0142 dzieli si\u0119 na:<\/p>\n<ul>\n<li><strong>2.LA \u2013 bez o\u0142owiu jako sk\u0142adnika zasadniczego<\/strong><\/li>\n<li><strong>2.LB \u2013 z o\u0142owiem jako sk\u0142adnikiem zasadniczym<\/strong>. (<a title=\"Strunz-mindat (2025) Classification - Unclassified Sulfosalts\" href=\"https:\/\/www.mindat.org\/strunz.php?a=2&amp;b=L\">Mindat<\/a>)<\/li>\n<\/ul>\n<p>Przyk\u0142ady <strong>2.LA<\/strong> (bez Pb): <strong>fettelit<\/strong> [Ag\u2086As\u2082S\u2087][Ag\u2081\u2080HgAs\u2082S\u2088], <strong>dervillit<\/strong> Ag\u2082AsS\u2082, <strong>jonassonit<\/strong> AuBi\u2085S\u2084, <strong>arcubisit<\/strong> Ag\u2086CuBiS\u2084, <strong>spaltiit<\/strong> Tl\u2082Cu\u2082As\u2082S\u2085. Przyk\u0142ady <strong>2.LB<\/strong> (z Pb): <strong>launayit<\/strong> CuPb\u2081\u2080(Sb,As)\u2081\u2082S\u2083\u2080, <strong>madocyt<\/strong> Pb\u2081\u2089(Sb,As)\u2081\u2086S\u2084\u2083, <strong>sorbyit<\/strong> CuPb\u2089(Sb,As)\u2081\u2081S\u2082\u2086, <strong>playfairyt<\/strong> Pb\u2081\u2086(Sb,As)\u2081\u2089S\u2084\u2084Cl, <strong>quijarroite<\/strong> Cu\u2086HgPb\u2082Bi\u2084Se\u2081\u2082. Ten dzia\u0142 ma charakter \u201eparasola\u201d dla rzadkich, cz\u0119sto nowo opisanych gatunk\u00f3w o skomplikowanej chemii. (<a title=\"Strunz-Mindat (2025) Classification - Without essential Pb\" href=\"https:\/\/www.mindat.org\/strunz.php?a=2&amp;b=L&amp;c=A\">Mindat<\/a>)<\/p>\n","protected":false},"excerpt":{"rendered":"<p>Grupa II\/L Strunza (2025) \u2013 Siarkosole niesklasyfikowane (Unclassified sulfosalts) obejmuje z\u0142o\u017cone siarczki z udzia\u0142em p\u00f3\u0142metali (Sb, As, Bi \u2013 cz\u0119sto&hellip; <\/p>\n","protected":false},"author":1,"featured_media":0,"parent":2241,"menu_order":0,"comment_status":"closed","ping_status":"closed","template":"","meta":{"give_campaign_id":0,"_monsterinsights_skip_tracking":false,"_monsterinsights_sitenote_active":false,"_monsterinsights_sitenote_note":"","_monsterinsights_sitenote_category":0,"_uf_show_specific_survey":0,"_uf_disable_surveys":false,"footnotes":""},"class_list":["post-2315","page","type-page","status-publish","hentry"],"aioseo_notices":[],"campaignId":"","_links":{"self":[{"href":"https:\/\/dfoto.pl\/index.php\/wp-json\/wp\/v2\/pages\/2315","targetHints":{"allow":["GET"]}}],"collection":[{"href":"https:\/\/dfoto.pl\/index.php\/wp-json\/wp\/v2\/pages"}],"about":[{"href":"https:\/\/dfoto.pl\/index.php\/wp-json\/wp\/v2\/types\/page"}],"author":[{"embeddable":true,"href":"https:\/\/dfoto.pl\/index.php\/wp-json\/wp\/v2\/users\/1"}],"replies":[{"embeddable":true,"href":"https:\/\/dfoto.pl\/index.php\/wp-json\/wp\/v2\/comments?post=2315"}],"version-history":[{"count":2,"href":"https:\/\/dfoto.pl\/index.php\/wp-json\/wp\/v2\/pages\/2315\/revisions"}],"predecessor-version":[{"id":2317,"href":"https:\/\/dfoto.pl\/index.php\/wp-json\/wp\/v2\/pages\/2315\/revisions\/2317"}],"up":[{"embeddable":true,"href":"https:\/\/dfoto.pl\/index.php\/wp-json\/wp\/v2\/pages\/2241"}],"wp:attachment":[{"href":"https:\/\/dfoto.pl\/index.php\/wp-json\/wp\/v2\/media?parent=2315"}],"curies":[{"name":"wp","href":"https:\/\/api.w.org\/{rel}","templated":true}]}}