{"id":2311,"date":"2025-10-01T23:09:22","date_gmt":"2025-10-01T23:09:22","guid":{"rendered":"https:\/\/dfoto.pl\/?page_id=2311"},"modified":"2025-10-01T23:09:22","modified_gmt":"2025-10-01T23:09:22","slug":"ii-j-siarkosole-o-archetypie-pbs","status":"publish","type":"page","link":"https:\/\/dfoto.pl\/index.php\/about\/mineraly\/ii-siarczki-i-siarkosole\/ii-j-siarkosole-o-archetypie-pbs\/","title":{"rendered":"II\/J \u2013 Siarkosole o archetypie PbS"},"content":{"rendered":"<p><strong>Grupa II\/J (Nickel\u2013Strunz \/ Strunz 2025) \u2013 Siarkosole o archetypie PbS (Sulfosalts of PbS archetype)<\/strong> obejmuje z\u0142o\u017cone siarczki, w kt\u00f3rych motywy strukturalne nawi\u0105zuj\u0105 do galeny (PbS). Opr\u00f3cz siarki kluczow\u0105 rol\u0119 pe\u0142ni\u0105 p\u00f3\u0142metale (Sb, As, Bi), a najcz\u0119stszymi kationami s\u0105 Ag, Cu, Pb oraz Tl. Minera\u0142y 2.J powstaj\u0105 g\u0142\u00f3wnie w \u017cy\u0142ach hydrotermalnych niskich i \u015brednich temperatur, zwykle s\u0105 nieprzezroczyste, maj\u0105 metaliczny do p\u00f3\u0142metalicznego po\u0142ysk, wysok\u0105 g\u0119sto\u015b\u0107 i krucho\u015b\u0107. W uj\u0119ciu 2025 dzia\u0142 dzieli si\u0119 na<\/p>\n<ul>\n<li><strong>2.JA \u2013 pochodne galeny z ma\u0142\u0105 zawarto\u015bci\u0105 Pb lub bez Pb<\/strong>,<\/li>\n<li><strong>2.JB \u2013 pochodne galeny z Pb<\/strong><\/li>\n<li><strong>2.JC \u2013 pochodne galeny z Tl<\/strong>.<\/li>\n<\/ul>\n<p>Do reprezentatywnych gatunk\u00f3w nale\u017c\u0105: w <strong>2.JA<\/strong> m.in. <strong>pavonit<\/strong> (AgBi\u2083S\u2085), <strong>cupropavonit<\/strong>, <strong>makovickyit<\/strong>, <strong>matyldyt<\/strong> (AgBiS\u2082), <strong>bohdanowiczyt<\/strong> (AgBiSe\u2082) i <strong>livingstonyt<\/strong> (HgSb\u2084S\u2086(S\u2082)); w <strong>2.JB<\/strong> liczne Pb-bogate siarkosole, np. <strong>lillianit<\/strong> (Pb\u2083\u208b\u2082\u2093Ag\u2093Bi\u2082\u208a\u2093S\u2086), <strong>gustawit<\/strong> (AgPbBi\u2083S\u2086), <strong>diaphoryt<\/strong> (Ag\u2083Pb\u2082Sb\u2083S\u2088), <strong>freieslebenit<\/strong> (AgPbSbS\u2083), <strong>cosalit<\/strong> (Pb\u2082Bi\u2082S\u2085), <strong>zinkenit<\/strong> (Pb\u2089Sb\u2082\u2082S\u2084\u2082), <strong>jordanit<\/strong> (Pb\u2081\u2084As\u2086S\u2082\u2083) i <strong>geokronit<\/strong> (Pb\u2081\u2084Sb\u2086S\u2082\u2083); w <strong>2.JC<\/strong> charakterystyczne Tl-minera\u0142y, np. <strong>ellisit<\/strong> (Tl\u2083AsS\u2083) i <strong>gillulyit<\/strong> (Tl\u2082As\u2087.\u2085Sb\u2080.\u2083S\u2081\u2083). Ten zestaw dobrze oddaje r\u00f3\u017cnorodno\u015b\u0107 chemiczn\u0105 i modu\u0142owe powi\u0105zania strukturalne \u201egalenowego\u201d archetypu.<\/p>\n","protected":false},"excerpt":{"rendered":"<p>Grupa II\/J (Nickel\u2013Strunz \/ Strunz 2025) \u2013 Siarkosole o archetypie PbS (Sulfosalts of PbS archetype) obejmuje z\u0142o\u017cone siarczki, w kt\u00f3rych&hellip; <\/p>\n","protected":false},"author":1,"featured_media":0,"parent":2241,"menu_order":0,"comment_status":"closed","ping_status":"closed","template":"","meta":{"give_campaign_id":0,"_monsterinsights_skip_tracking":false,"_monsterinsights_sitenote_active":false,"_monsterinsights_sitenote_note":"","_monsterinsights_sitenote_category":0,"_uf_show_specific_survey":0,"_uf_disable_surveys":false,"footnotes":""},"class_list":["post-2311","page","type-page","status-publish","hentry"],"aioseo_notices":[],"campaignId":"","_links":{"self":[{"href":"https:\/\/dfoto.pl\/index.php\/wp-json\/wp\/v2\/pages\/2311","targetHints":{"allow":["GET"]}}],"collection":[{"href":"https:\/\/dfoto.pl\/index.php\/wp-json\/wp\/v2\/pages"}],"about":[{"href":"https:\/\/dfoto.pl\/index.php\/wp-json\/wp\/v2\/types\/page"}],"author":[{"embeddable":true,"href":"https:\/\/dfoto.pl\/index.php\/wp-json\/wp\/v2\/users\/1"}],"replies":[{"embeddable":true,"href":"https:\/\/dfoto.pl\/index.php\/wp-json\/wp\/v2\/comments?post=2311"}],"version-history":[{"count":1,"href":"https:\/\/dfoto.pl\/index.php\/wp-json\/wp\/v2\/pages\/2311\/revisions"}],"predecessor-version":[{"id":2312,"href":"https:\/\/dfoto.pl\/index.php\/wp-json\/wp\/v2\/pages\/2311\/revisions\/2312"}],"up":[{"embeddable":true,"href":"https:\/\/dfoto.pl\/index.php\/wp-json\/wp\/v2\/pages\/2241"}],"wp:attachment":[{"href":"https:\/\/dfoto.pl\/index.php\/wp-json\/wp\/v2\/media?parent=2311"}],"curies":[{"name":"wp","href":"https:\/\/api.w.org\/{rel}","templated":true}]}}