{"id":2308,"date":"2025-10-01T23:05:52","date_gmt":"2025-10-01T23:05:52","guid":{"rendered":"https:\/\/dfoto.pl\/?page_id=2308"},"modified":"2025-10-01T23:05:52","modified_gmt":"2025-10-01T23:05:52","slug":"ii-h-siarkosole-o-archetypie-sns","status":"publish","type":"page","link":"https:\/\/dfoto.pl\/index.php\/about\/mineraly\/ii-siarczki-i-siarkosole\/ii-h-siarkosole-o-archetypie-sns\/","title":{"rendered":"II\/H \u2013 Siarkosole o archetypie SnS"},"content":{"rendered":"<p><strong>Grupa II\/H (Nickel\u2013Strunz \/ Strunz 2025) \u2013 Siarkosole o archetypie SnS (Sulfosalts of SnS archetype)<\/strong> to zesp\u00f3\u0142 z\u0142o\u017conych siarczk\u00f3w, w kt\u00f3rych obok siarki kluczow\u0105 rol\u0119 pe\u0142ni\u0105 p\u00f3\u0142metale (Sb, As, Bi), a kationami s\u0105 zwykle Cu, Ag, Fe, Pb lub Tl. Ich struktury nawi\u0105zuj\u0105 do \u201earchetypu SnS\u201d (wi\u0105zania i motywy koordynacyjne typowe dla uk\u0142adu SnS), co sprzyja powstawaniu \u0142a\u0144cuch\u00f3w i wst\u0119g, igie\u0142kowych lub blaszkowych pokroj\u00f3w, metalicznego\u2013p\u00f3\u0142metalicznego po\u0142ysku, wysokiej g\u0119sto\u015bci i krucho\u015bci. Minera\u0142y 2.H powstaj\u0105 g\u0142\u00f3wnie w \u017cy\u0142ach hydrotermalnych niskich\/\u015brednich T i s\u0105 wa\u017cnymi wska\u017anikami oraz no\u015bnikami Ag, Pb, Sb, As i Tl w z\u0142o\u017cach.<\/p>\n<p>W uj\u0119ciu 2025 dzia\u0142 2.H dzieli si\u0119 na sze\u015b\u0107 poddzia\u0142\u00f3w:<\/p>\n<ul>\n<li><strong>2.HA \u2013 z Cu, Ag, Fe (bez Pb):<\/strong> np. chalcostibit <strong>CuSbS\u2082<\/strong>, emplektit <strong>CuBiS\u2082<\/strong>, miargyryt <strong>AgSbS\u2082<\/strong>, berthieryt <strong>FeSb\u2082S\u2084<\/strong>.<\/li>\n<li><strong>2.HB \u2013 z Cu, Ag, Fe, Sn i Pb:<\/strong> m.in. aikinity (<strong>PbCuBiS\u2083<\/strong> i pokrewne), meneghinit <strong>Pb\u2081\u2083CuSb\u2087S\u2082\u2084<\/strong>, kobellit\/tintinait oraz klasyczny jamesonit <strong>Pb\u2084FeSb\u2086S\u2081\u2084<\/strong>.<\/li>\n<li><strong>2.HC \u2013 wy\u0142\u0105cznie z Pb (jako g\u0142\u00f3wny metal):<\/strong> m.in. sartoryt <strong>PbAs\u2082S\u2084<\/strong>, dufr\u00e9noysit <strong>Pb\u2082As\u2082S\u2085<\/strong>, plagionit <strong>Pb\u2085Sb\u2088S\u2081\u2087<\/strong>, semseyt <strong>Pb\u2089Sb\u2088S\u2082\u2081<\/strong>, boulangerit <strong>Pb\u2085Sb\u2084S\u2081\u2081<\/strong>.<\/li>\n<li><strong>2.HD \u2013 z Tlem:<\/strong> np. lor\u00e1ndyt <strong>TlAsS\u2082<\/strong>, hutchinsonit <strong>TlPbAs\u2085S\u2089<\/strong>, christyt <strong>TlHgAsS\u2083<\/strong>.<\/li>\n<li><strong>2.HE \u2013 z alkaliami i\/lub H\u2082O:<\/strong> gerstleyit <strong>Na\u2082(Sb,As)\u2088S\u2081\u2083\u00b72H\u2082O<\/strong>, ambrinoit <strong>[K,(NH\u2084)]\u2082(As,Sb)\u2086(Sb,As)\u2082S\u2081\u2083\u00b7H\u2082O<\/strong>.<\/li>\n<li><strong>2.HF \u2013 z jednostkami strukturalnymi archetypu SnS i PbS (fazy mieszane):<\/strong> m.in. franckeit, cylindryt, merelaniit oraz lengenbachit.<\/li>\n<\/ul>\n<p>Ca\u0142o\u015b\u0107 uk\u0142adu (2.HA\u20132.HF) oraz przyk\u0142ady powy\u017cej s\u0105 zestawione w aktualnej tabeli Strunz-Mindat (2025).<\/p>\n","protected":false},"excerpt":{"rendered":"<p>Grupa II\/H (Nickel\u2013Strunz \/ Strunz 2025) \u2013 Siarkosole o archetypie SnS (Sulfosalts of SnS archetype) to zesp\u00f3\u0142 z\u0142o\u017conych siarczk\u00f3w, w&hellip; <\/p>\n","protected":false},"author":1,"featured_media":0,"parent":2241,"menu_order":0,"comment_status":"closed","ping_status":"closed","template":"","meta":{"give_campaign_id":0,"_monsterinsights_skip_tracking":false,"_monsterinsights_sitenote_active":false,"_monsterinsights_sitenote_note":"","_monsterinsights_sitenote_category":0,"_uf_show_specific_survey":0,"_uf_disable_surveys":false,"footnotes":""},"class_list":["post-2308","page","type-page","status-publish","hentry"],"aioseo_notices":[],"campaignId":"","_links":{"self":[{"href":"https:\/\/dfoto.pl\/index.php\/wp-json\/wp\/v2\/pages\/2308","targetHints":{"allow":["GET"]}}],"collection":[{"href":"https:\/\/dfoto.pl\/index.php\/wp-json\/wp\/v2\/pages"}],"about":[{"href":"https:\/\/dfoto.pl\/index.php\/wp-json\/wp\/v2\/types\/page"}],"author":[{"embeddable":true,"href":"https:\/\/dfoto.pl\/index.php\/wp-json\/wp\/v2\/users\/1"}],"replies":[{"embeddable":true,"href":"https:\/\/dfoto.pl\/index.php\/wp-json\/wp\/v2\/comments?post=2308"}],"version-history":[{"count":1,"href":"https:\/\/dfoto.pl\/index.php\/wp-json\/wp\/v2\/pages\/2308\/revisions"}],"predecessor-version":[{"id":2309,"href":"https:\/\/dfoto.pl\/index.php\/wp-json\/wp\/v2\/pages\/2308\/revisions\/2309"}],"up":[{"embeddable":true,"href":"https:\/\/dfoto.pl\/index.php\/wp-json\/wp\/v2\/pages\/2241"}],"wp:attachment":[{"href":"https:\/\/dfoto.pl\/index.php\/wp-json\/wp\/v2\/media?parent=2308"}],"curies":[{"name":"wp","href":"https:\/\/api.w.org\/{rel}","templated":true}]}}