{"id":2291,"date":"2025-10-01T14:37:17","date_gmt":"2025-10-01T14:37:17","guid":{"rendered":"https:\/\/dfoto.pl\/?page_id=2291"},"modified":"2025-10-01T23:00:06","modified_gmt":"2025-10-01T23:00:06","slug":"ii-g-sulfarsenki-sulfantymonki-i-sulfbizmutki","status":"publish","type":"page","link":"https:\/\/dfoto.pl\/index.php\/about\/mineraly\/ii-siarczki-i-siarkosole\/ii-g-sulfarsenki-sulfantymonki-i-sulfbizmutki\/","title":{"rendered":"II\/G \u2013 Sulfarsenki, sulfantymonki i sulfbizmutki"},"content":{"rendered":"<p><strong>Grupa II\/G Strunza (2025) \u2013 Sulfarsenki, sulfantymonki i sulfbizmutki (sulfarsenites, sulfantimonites, sulfobismuthites)<\/strong> obejmuje siarczkowe minera\u0142y kompleksowe, w kt\u00f3rych obok siarki (S) istotn\u0105 rol\u0119 anionotw\u00f3rcz\u0105 pe\u0142ni\u0105 arsen (As), antymon (Sb) lub bizmut (Bi). W uj\u0119ciu Nickel\u2013Strunz 2025 dzia\u0142 2.G dzieli si\u0119 na trzy poddzia\u0142y:<\/p>\n<ul>\n<li><strong>2.GA<\/strong> (neso-sulfarsenki itp. bez dodatkowej siarki),<\/li>\n<li><strong>2.GB<\/strong> (neso-sulfarsenki itp. z dodatkow\u0105 siark\u0105) i<\/li>\n<li><strong>2.GC<\/strong> (poli-sulfarsenki).<\/li>\n<\/ul>\n<p>Minera\u0142y te powstaj\u0105 g\u0142\u00f3wnie w \u017cy\u0142ach hydrotermalnych o niskich i \u015brednich temperaturach i cz\u0119sto maj\u0105 metaliczny do p\u00f3\u0142metalicznego po\u0142ysk, wysok\u0105 g\u0119sto\u015b\u0107 i krucho\u015b\u0107.<\/p>\n<p>Do najbardziej rozpoznawalnych przedstawicieli nale\u017c\u0105: <strong>proustyt<\/strong> (Ag\u2083AsS\u2083) i <strong>pyrargyryt<\/strong> (Ag\u2083SbS\u2083) w poddziale 2.GA; w 2.GB \u2013 szeroka seria <strong>tennantyt\u2013tetraedryt<\/strong> oraz srebrne sulfosole <strong>stephanit<\/strong> i kompleksy typu <strong>pearceite\/polybasite<\/strong>; w 2.GC \u2013 m.in. <strong>smithite<\/strong> (AgAsS\u2082), <strong>sinnerite<\/strong> (Cu\u2086As\u2084S\u2089), <strong>hatchite<\/strong> oraz telluro-\/selenosiarkowe Bi-Pb (np. <strong>aleksite<\/strong>). Wiele z tych minera\u0142\u00f3w jest wa\u017cnymi rudami srebra i miedzi oraz cennymi wska\u017anikami warunk\u00f3w powstawania z\u0142\u00f3\u017c.<\/p>\n","protected":false},"excerpt":{"rendered":"<p>Grupa II\/G Strunza (2025) \u2013 Sulfarsenki, sulfantymonki i sulfbizmutki (sulfarsenites, sulfantimonites, sulfobismuthites) obejmuje siarczkowe minera\u0142y kompleksowe, w kt\u00f3rych obok siarki&hellip; <\/p>\n","protected":false},"author":1,"featured_media":0,"parent":2241,"menu_order":0,"comment_status":"closed","ping_status":"closed","template":"","meta":{"give_campaign_id":0,"_monsterinsights_skip_tracking":false,"_monsterinsights_sitenote_active":false,"_monsterinsights_sitenote_note":"","_monsterinsights_sitenote_category":0,"_uf_show_specific_survey":0,"_uf_disable_surveys":false,"footnotes":""},"class_list":["post-2291","page","type-page","status-publish","hentry"],"aioseo_notices":[],"campaignId":"","_links":{"self":[{"href":"https:\/\/dfoto.pl\/index.php\/wp-json\/wp\/v2\/pages\/2291","targetHints":{"allow":["GET"]}}],"collection":[{"href":"https:\/\/dfoto.pl\/index.php\/wp-json\/wp\/v2\/pages"}],"about":[{"href":"https:\/\/dfoto.pl\/index.php\/wp-json\/wp\/v2\/types\/page"}],"author":[{"embeddable":true,"href":"https:\/\/dfoto.pl\/index.php\/wp-json\/wp\/v2\/users\/1"}],"replies":[{"embeddable":true,"href":"https:\/\/dfoto.pl\/index.php\/wp-json\/wp\/v2\/comments?post=2291"}],"version-history":[{"count":4,"href":"https:\/\/dfoto.pl\/index.php\/wp-json\/wp\/v2\/pages\/2291\/revisions"}],"predecessor-version":[{"id":2307,"href":"https:\/\/dfoto.pl\/index.php\/wp-json\/wp\/v2\/pages\/2291\/revisions\/2307"}],"up":[{"embeddable":true,"href":"https:\/\/dfoto.pl\/index.php\/wp-json\/wp\/v2\/pages\/2241"}],"wp:attachment":[{"href":"https:\/\/dfoto.pl\/index.php\/wp-json\/wp\/v2\/media?parent=2291"}],"curies":[{"name":"wp","href":"https:\/\/api.w.org\/{rel}","templated":true}]}}