{"id":2269,"date":"2025-10-01T14:17:51","date_gmt":"2025-10-01T14:17:51","guid":{"rendered":"https:\/\/dfoto.pl\/?page_id=2269"},"modified":"2025-10-02T18:37:14","modified_gmt":"2025-10-02T18:37:14","slug":"i-b-polmetale-rodzime","status":"publish","type":"page","link":"https:\/\/dfoto.pl\/index.php\/about\/mineraly\/i-pierwiastki-rodzime\/i-b-polmetale-rodzime\/","title":{"rendered":"I\/B \u2013 W\u0119gliki, krzemki, azotki, fosforki i wodorki metali"},"content":{"rendered":"<p><strong>Grupa I\/B Strunza (2025) \u2013 W\u0119gliki, krzemki, azotki, fosforki i wodorki metali (Metallic carbides, silicides, nitrides, phosphides and hydrides)<\/strong> obejmuje rzadkie, zwykle wysokotemperaturowe fazy mi\u0119dzymetaliczne, w kt\u00f3rych anionow\u0105 (lub \u201epseudononianow\u0105\u201d) rol\u0119 pe\u0142ni\u0105 C, Si, N, P lub H. Cechuj\u0105 si\u0119 du\u017c\u0105 twardo\u015bci\u0105, wysokimi temperaturami topnienia, metalicznym po\u0142yskiem oraz dobr\u0105 przewodno\u015bci\u0105. Wyst\u0119puj\u0105 przede wszystkim w meteorytach \u017celaznych i ska\u0142ach ultrazasadowych, a tak\u017ce jako produkty proces\u00f3w redukcyjnych w uk\u0142adach magmowych i (sporadycznie) hydrotermalnych. Uk\u0142ad Nickel\u2013Strunz (2025) dzieli dzia\u0142 1.B na poddzia\u0142y:<\/p>\n<ul>\n<li><strong>1.BA \u2013 w\u0119gliki<\/strong>,<\/li>\n<li><strong>1.BB \u2013 krzemki<\/strong>,<\/li>\n<li><strong>1.BC \u2013 azotki<\/strong>,<\/li>\n<li><strong>1.BD \u2013 fosforki<\/strong>,<\/li>\n<li><strong>1.BE \u2013 wodorki<\/strong>.<\/li>\n<\/ul>\n<p>Przyk\u0142adowe minera\u0142y: w <strong>1.BA (w\u0119gliki)<\/strong> \u2013 <strong>cohenit<\/strong> Fe\u2083C, <strong>haxonit<\/strong> (Fe,Ni)\u2082\u2083C\u2086, <strong>tongbait<\/strong> Cr\u2083C\u2082, <strong>tantalcarbid<\/strong> TaC, <strong>qusongit<\/strong> WC; w <strong>1.BB (krzemki)<\/strong> \u2013 <strong>suessit<\/strong> Fe\u2083Si, <strong>naquit<\/strong> FeSi, <strong>brownleeit<\/strong> MnSi, <strong>zangboit<\/strong> TiFeSi\u2082, <strong>mavlyanovit<\/strong> Mn\u2085Si\u2083; w <strong>1.BC (azotki)<\/strong> \u2013 <strong>osbornit<\/strong> TiN, <strong>carlsbergit<\/strong> CrN, <strong>roaldyt<\/strong> (Fe,Ni)\u2084N, <strong>qingsongit<\/strong> BN; w <strong>1.BD (fosforki)<\/strong> \u2013 <strong>schreibersyt<\/strong> (Fe,Ni)\u2083P, <strong>barringerit<\/strong> (Fe,Ni)\u2082P, <strong>nickelphosphide<\/strong> (Ni,Fe)\u2083P; w <strong>1.BE (wodorki)<\/strong> \u2013 bardzo rzadki <strong>kishonit<\/strong> VH\u2082. Zestaw ten odpowiada aktualnym listom Strunz-Mindat (2025).<\/p>\n","protected":false},"excerpt":{"rendered":"<p>Grupa I\/B Strunza (2025) \u2013 W\u0119gliki, krzemki, azotki, fosforki i wodorki metali (Metallic carbides, silicides, nitrides, phosphides and hydrides) obejmuje&hellip; <\/p>\n","protected":false},"author":1,"featured_media":0,"parent":2238,"menu_order":0,"comment_status":"closed","ping_status":"closed","template":"","meta":{"give_campaign_id":0,"_monsterinsights_skip_tracking":false,"_monsterinsights_sitenote_active":false,"_monsterinsights_sitenote_note":"","_monsterinsights_sitenote_category":0,"_uf_show_specific_survey":0,"_uf_disable_surveys":false,"footnotes":""},"class_list":["post-2269","page","type-page","status-publish","hentry"],"aioseo_notices":[],"campaignId":"","_links":{"self":[{"href":"https:\/\/dfoto.pl\/index.php\/wp-json\/wp\/v2\/pages\/2269","targetHints":{"allow":["GET"]}}],"collection":[{"href":"https:\/\/dfoto.pl\/index.php\/wp-json\/wp\/v2\/pages"}],"about":[{"href":"https:\/\/dfoto.pl\/index.php\/wp-json\/wp\/v2\/types\/page"}],"author":[{"embeddable":true,"href":"https:\/\/dfoto.pl\/index.php\/wp-json\/wp\/v2\/users\/1"}],"replies":[{"embeddable":true,"href":"https:\/\/dfoto.pl\/index.php\/wp-json\/wp\/v2\/comments?post=2269"}],"version-history":[{"count":2,"href":"https:\/\/dfoto.pl\/index.php\/wp-json\/wp\/v2\/pages\/2269\/revisions"}],"predecessor-version":[{"id":2336,"href":"https:\/\/dfoto.pl\/index.php\/wp-json\/wp\/v2\/pages\/2269\/revisions\/2336"}],"up":[{"embeddable":true,"href":"https:\/\/dfoto.pl\/index.php\/wp-json\/wp\/v2\/pages\/2238"}],"wp:attachment":[{"href":"https:\/\/dfoto.pl\/index.php\/wp-json\/wp\/v2\/media?parent=2269"}],"curies":[{"name":"wp","href":"https:\/\/api.w.org\/{rel}","templated":true}]}}