{"id":2260,"date":"2025-10-01T14:14:04","date_gmt":"2025-10-01T14:14:04","guid":{"rendered":"https:\/\/dfoto.pl\/?page_id=2260"},"modified":"2025-10-01T14:14:04","modified_gmt":"2025-10-01T14:14:04","slug":"ix-substancje-organiczne","status":"publish","type":"page","link":"https:\/\/dfoto.pl\/index.php\/about\/mineraly\/ix-substancje-organiczne\/","title":{"rendered":"IX \u2013 Substancje organiczne"},"content":{"rendered":"<p><strong>Grupa IX Strunza \u2013 Substancje organiczne (Organic compounds)<\/strong> obejmuje minera\u0142y powsta\u0142e z naturalnych zwi\u0105zk\u00f3w organicznych, czyli zawieraj\u0105cych w\u0119giel w po\u0142\u0105czeniu z innymi pierwiastkami, takimi jak wod\u00f3r, tlen czy azot. W przeciwie\u0144stwie do pozosta\u0142ych grup, substancje organiczne maj\u0105 pochodzenie biologiczne lub powstaj\u0105 w wyniku rozk\u0142adu materii organicznej. Cz\u0119sto wyst\u0119puj\u0105 w postaci mi\u0119kkiej, t\u0142ustej lub amorficznej, rzadziej tworz\u0105 dobrze wykszta\u0142cone kryszta\u0142y. Zazwyczaj maj\u0105 nisk\u0105 twardo\u015b\u0107, nisk\u0105 g\u0119sto\u015b\u0107 i palne w\u0142a\u015bciwo\u015bci.<\/p>\n<p>Do najwa\u017cniejszych przedstawicieli grupy IX nale\u017c\u0105 bursztyn (sukcynit), asfalt, wosk ziemny, ozokeryt, bituminy oraz r\u00f3\u017cne formy w\u0119gli kopalnych, takie jak torf czy antracyt. Substancje te maj\u0105 ogromne znaczenie gospodarcze \u2013 s\u0105 \u017ar\u00f3d\u0142em energii, surowcem dla przemys\u0142u chemicznego oraz materia\u0142em ozdobnym (jak bursztyn w jubilerstwie). Cho\u0107 wyst\u0119puj\u0105 rzadziej ni\u017c minera\u0142y nieorganiczne, substancje organiczne stanowi\u0105 wa\u017cne ogniwo mi\u0119dzy \u015bwiatem geologicznym a biologicznym, dokumentuj\u0105c procesy zachodz\u0105ce na Ziemi w ci\u0105gu milion\u00f3w lat.<\/p>\n","protected":false},"excerpt":{"rendered":"<p>Grupa IX Strunza \u2013 Substancje organiczne (Organic compounds) obejmuje minera\u0142y powsta\u0142e z naturalnych zwi\u0105zk\u00f3w organicznych, czyli zawieraj\u0105cych w\u0119giel w po\u0142\u0105czeniu&hellip; <\/p>\n","protected":false},"author":1,"featured_media":0,"parent":2236,"menu_order":0,"comment_status":"closed","ping_status":"closed","template":"","meta":{"give_campaign_id":0,"_monsterinsights_skip_tracking":false,"_monsterinsights_sitenote_active":false,"_monsterinsights_sitenote_note":"","_monsterinsights_sitenote_category":0,"_uf_show_specific_survey":0,"_uf_disable_surveys":false,"footnotes":""},"class_list":["post-2260","page","type-page","status-publish","hentry"],"aioseo_notices":[],"campaignId":"","_links":{"self":[{"href":"https:\/\/dfoto.pl\/index.php\/wp-json\/wp\/v2\/pages\/2260","targetHints":{"allow":["GET"]}}],"collection":[{"href":"https:\/\/dfoto.pl\/index.php\/wp-json\/wp\/v2\/pages"}],"about":[{"href":"https:\/\/dfoto.pl\/index.php\/wp-json\/wp\/v2\/types\/page"}],"author":[{"embeddable":true,"href":"https:\/\/dfoto.pl\/index.php\/wp-json\/wp\/v2\/users\/1"}],"replies":[{"embeddable":true,"href":"https:\/\/dfoto.pl\/index.php\/wp-json\/wp\/v2\/comments?post=2260"}],"version-history":[{"count":1,"href":"https:\/\/dfoto.pl\/index.php\/wp-json\/wp\/v2\/pages\/2260\/revisions"}],"predecessor-version":[{"id":2261,"href":"https:\/\/dfoto.pl\/index.php\/wp-json\/wp\/v2\/pages\/2260\/revisions\/2261"}],"up":[{"embeddable":true,"href":"https:\/\/dfoto.pl\/index.php\/wp-json\/wp\/v2\/pages\/2236"}],"wp:attachment":[{"href":"https:\/\/dfoto.pl\/index.php\/wp-json\/wp\/v2\/media?parent=2260"}],"curies":[{"name":"wp","href":"https:\/\/api.w.org\/{rel}","templated":true}]}}