{"id":2258,"date":"2025-10-01T14:12:54","date_gmt":"2025-10-01T14:12:54","guid":{"rendered":"https:\/\/dfoto.pl\/?page_id=2258"},"modified":"2025-10-01T14:12:54","modified_gmt":"2025-10-01T14:12:54","slug":"viii-krzemiany","status":"publish","type":"page","link":"https:\/\/dfoto.pl\/index.php\/about\/mineraly\/viii-krzemiany\/","title":{"rendered":"VIII \u2013 Krzemiany"},"content":{"rendered":"<p><strong>Grupa VIII Strunza \u2013 Krzemiany (Silicates)<\/strong> to najliczniejsza i najwa\u017cniejsza grupa minera\u0142\u00f3w w przyrodzie, stanowi\u0105ca oko\u0142o 90% obj\u0119to\u015bci skorupy ziemskiej. Ich struktura opiera si\u0119 na podstawowym elemencie budowy \u2013 tetraedrze [SiO<sub>4<\/sub>]<sup>4-<\/sup>, w kt\u00f3rym atom krzemu otoczony jest czterema atomami tlenu. Tetraedry te mog\u0105 by\u0107 odizolowane lub po\u0142\u0105czone ze sob\u0105 w r\u00f3\u017cny spos\u00f3b, tworz\u0105c rozmaite uk\u0142ady przestrzenne: od pojedynczych (wyspowych) po \u0142a\u0144cuchowe, warstwowe i przestrzenne. Ta r\u00f3\u017cnorodno\u015b\u0107 budowy decyduje o ogromnym bogactwie form, w\u0142a\u015bciwo\u015bci i zastosowa\u0144 minera\u0142\u00f3w krzemianowych.<\/p>\n<p>W sk\u0142ad grupy VIII wchodz\u0105 mi\u0119dzy innymi: krzemiany wyspowe (np. oliwiny, granaty), krzemiany \u0142a\u0144cuchowe (pirokseny, amfibole), krzemiany warstwowe (miki, chloryty) oraz krzemiany przestrzenne (skaleniowce, kwarc, zeolity). Minera\u0142y te s\u0105 podstawowymi sk\u0142adnikami ska\u0142 magmowych, metamorficznych i osadowych. Cechuj\u0105 si\u0119 du\u017c\u0105 trwa\u0142o\u015bci\u0105, r\u00f3\u017cnorodno\u015bci\u0105 barw i po\u0142ysk\u00f3w, a wiele z nich stanowi cenne kamienie szlachetne lub surowce przemys\u0142owe. Krzemiany odgrywaj\u0105 kluczow\u0105 rol\u0119 nie tylko w geologii, lecz tak\u017ce w historii Ziemi \u2013 kszta\u0142tuj\u0105c jej skorup\u0119, cykl ska\u0142 i procesy mineralotw\u00f3rcze.<\/p>\n","protected":false},"excerpt":{"rendered":"<p>Grupa VIII Strunza \u2013 Krzemiany (Silicates) to najliczniejsza i najwa\u017cniejsza grupa minera\u0142\u00f3w w przyrodzie, stanowi\u0105ca oko\u0142o 90% obj\u0119to\u015bci skorupy ziemskiej.&hellip; <\/p>\n","protected":false},"author":1,"featured_media":0,"parent":2236,"menu_order":0,"comment_status":"closed","ping_status":"closed","template":"","meta":{"give_campaign_id":0,"_monsterinsights_skip_tracking":false,"_monsterinsights_sitenote_active":false,"_monsterinsights_sitenote_note":"","_monsterinsights_sitenote_category":0,"_uf_show_specific_survey":0,"_uf_disable_surveys":false,"footnotes":""},"class_list":["post-2258","page","type-page","status-publish","hentry"],"aioseo_notices":[],"campaignId":"","_links":{"self":[{"href":"https:\/\/dfoto.pl\/index.php\/wp-json\/wp\/v2\/pages\/2258","targetHints":{"allow":["GET"]}}],"collection":[{"href":"https:\/\/dfoto.pl\/index.php\/wp-json\/wp\/v2\/pages"}],"about":[{"href":"https:\/\/dfoto.pl\/index.php\/wp-json\/wp\/v2\/types\/page"}],"author":[{"embeddable":true,"href":"https:\/\/dfoto.pl\/index.php\/wp-json\/wp\/v2\/users\/1"}],"replies":[{"embeddable":true,"href":"https:\/\/dfoto.pl\/index.php\/wp-json\/wp\/v2\/comments?post=2258"}],"version-history":[{"count":1,"href":"https:\/\/dfoto.pl\/index.php\/wp-json\/wp\/v2\/pages\/2258\/revisions"}],"predecessor-version":[{"id":2259,"href":"https:\/\/dfoto.pl\/index.php\/wp-json\/wp\/v2\/pages\/2258\/revisions\/2259"}],"up":[{"embeddable":true,"href":"https:\/\/dfoto.pl\/index.php\/wp-json\/wp\/v2\/pages\/2236"}],"wp:attachment":[{"href":"https:\/\/dfoto.pl\/index.php\/wp-json\/wp\/v2\/media?parent=2258"}],"curies":[{"name":"wp","href":"https:\/\/api.w.org\/{rel}","templated":true}]}}