{"id":2248,"date":"2025-10-01T14:02:33","date_gmt":"2025-10-01T14:02:33","guid":{"rendered":"https:\/\/dfoto.pl\/?page_id=2248"},"modified":"2025-10-01T14:02:33","modified_gmt":"2025-10-01T14:02:33","slug":"iv-tlenki-i-wodorotlenki","status":"publish","type":"page","link":"https:\/\/dfoto.pl\/index.php\/about\/mineraly\/iv-tlenki-i-wodorotlenki\/","title":{"rendered":"IV \u2013 Tlenki i wodorotlenki"},"content":{"rendered":"<p><strong>Grupa IV Strunza \u2013 Tlenki i wodorotlenki (Oxides and Hydroxides)<\/strong> obejmuje minera\u0142y, w kt\u00f3rych g\u0142\u00f3wnym sk\u0142adnikiem anionowym jest tlen (O\u00b2\u207b) lub grupa wodorotlenowa (OH\u207b). \u0141\u0105cz\u0105 si\u0119 one z r\u00f3\u017cnymi kationami metali, takimi jak \u017celazo, glin, mangan, tytan czy cyna. Struktura tych minera\u0142\u00f3w jest zr\u00f3\u017cnicowana \u2013 od prostych zwi\u0105zk\u00f3w z jednym metalem po bardziej z\u0142o\u017cone uk\u0142ady z kilkoma pierwiastkami. Tlenki i wodorotlenki cechuj\u0105 si\u0119 zazwyczaj du\u017c\u0105 twardo\u015bci\u0105, wysok\u0105 g\u0119sto\u015bci\u0105 oraz odporno\u015bci\u0105 chemiczn\u0105, co sprawia, \u017ce nale\u017c\u0105 do jednych z najtrwalszych minera\u0142\u00f3w w skorupie ziemskiej.<\/p>\n<p>Do najwa\u017cniejszych przedstawicieli grupy IV nale\u017c\u0105 hematyt (Fe\u2082O\u2083), magnetyt (Fe\u2083O\u2084), korund (Al\u2082O\u2083), ilmenit (FeTiO\u2083), boksyt (mieszanina wodorotlenk\u00f3w glinu) oraz goethyt (FeO(OH)). Wiele z nich to podstawowe rudy metali, stanowi\u0105ce kluczowe \u017ar\u00f3d\u0142o surowc\u00f3w dla przemys\u0142u hutniczego. Korund, w czystej postaci bezbarwny, w odmianach barwnych tworzy cenne kamienie szlachetne \u2013 rubin i szafir. Minera\u0142y z grupy tlenk\u00f3w i wodorotlenk\u00f3w odgrywaj\u0105 istotn\u0105 rol\u0119 w procesach geologicznych, zw\u0142aszcza w wietrzeniu i tworzeniu gleb, a tak\u017ce w cyklu obiegu pierwiastk\u00f3w w przyrodzie.<\/p>\n","protected":false},"excerpt":{"rendered":"<p>Grupa IV Strunza \u2013 Tlenki i wodorotlenki (Oxides and Hydroxides) obejmuje minera\u0142y, w kt\u00f3rych g\u0142\u00f3wnym sk\u0142adnikiem anionowym jest tlen (O\u00b2\u207b)&hellip; <\/p>\n","protected":false},"author":1,"featured_media":0,"parent":2236,"menu_order":0,"comment_status":"closed","ping_status":"closed","template":"","meta":{"give_campaign_id":0,"_monsterinsights_skip_tracking":false,"_monsterinsights_sitenote_active":false,"_monsterinsights_sitenote_note":"","_monsterinsights_sitenote_category":0,"_uf_show_specific_survey":0,"_uf_disable_surveys":false,"footnotes":""},"class_list":["post-2248","page","type-page","status-publish","hentry"],"aioseo_notices":[],"campaignId":"","_links":{"self":[{"href":"https:\/\/dfoto.pl\/index.php\/wp-json\/wp\/v2\/pages\/2248","targetHints":{"allow":["GET"]}}],"collection":[{"href":"https:\/\/dfoto.pl\/index.php\/wp-json\/wp\/v2\/pages"}],"about":[{"href":"https:\/\/dfoto.pl\/index.php\/wp-json\/wp\/v2\/types\/page"}],"author":[{"embeddable":true,"href":"https:\/\/dfoto.pl\/index.php\/wp-json\/wp\/v2\/users\/1"}],"replies":[{"embeddable":true,"href":"https:\/\/dfoto.pl\/index.php\/wp-json\/wp\/v2\/comments?post=2248"}],"version-history":[{"count":1,"href":"https:\/\/dfoto.pl\/index.php\/wp-json\/wp\/v2\/pages\/2248\/revisions"}],"predecessor-version":[{"id":2249,"href":"https:\/\/dfoto.pl\/index.php\/wp-json\/wp\/v2\/pages\/2248\/revisions\/2249"}],"up":[{"embeddable":true,"href":"https:\/\/dfoto.pl\/index.php\/wp-json\/wp\/v2\/pages\/2236"}],"wp:attachment":[{"href":"https:\/\/dfoto.pl\/index.php\/wp-json\/wp\/v2\/media?parent=2248"}],"curies":[{"name":"wp","href":"https:\/\/api.w.org\/{rel}","templated":true}]}}