{"id":2246,"date":"2025-10-01T13:59:51","date_gmt":"2025-10-01T13:59:51","guid":{"rendered":"https:\/\/dfoto.pl\/?page_id=2246"},"modified":"2025-10-01T13:59:51","modified_gmt":"2025-10-01T13:59:51","slug":"iii-halogenki","status":"publish","type":"page","link":"https:\/\/dfoto.pl\/index.php\/about\/mineraly\/iii-halogenki\/","title":{"rendered":"III &#8211; Halogenki"},"content":{"rendered":"<p><strong>Grupa III Strunza \u2013 Halogenki (Halides)<\/strong> obejmuje minera\u0142y, w kt\u00f3rych g\u0142\u00f3wnym sk\u0142adnikiem anionowym s\u0105 halogenki: fluor (F\u207b), chlor (Cl\u207b), brom (Br\u207b) lub jod (I\u207b). Tworz\u0105 one zwi\u0105zki z kationami metali, takimi jak s\u00f3d, potas, wap\u0144 czy magnez. Struktura krystaliczna halogenk\u00f3w jest zazwyczaj prosta i regularna, co wynika z jonowego charakteru wi\u0105za\u0144 mi\u0119dzy anionami i kationami. Minera\u0142y tej grupy s\u0105 zwykle przezroczyste lub p\u00f3\u0142przezroczyste, maj\u0105 szklisty po\u0142ysk, nisk\u0105 twardo\u015b\u0107 i \u0142atwo rozpuszczaj\u0105 si\u0119 w wodzie.<\/p>\n<p>Do najbardziej znanych przedstawicieli halogenk\u00f3w nale\u017c\u0105 halit (NaCl), fluoryt (CaF\u2082) i sylwin (KCl). Halit, znany powszechnie jako s\u00f3l kamienna, jest jednym z najwa\u017cniejszych surowc\u00f3w mineralnych wykorzystywanych w przemy\u015ble spo\u017cywczym i chemicznym. Fluoryt znajduje zastosowanie w hutnictwie i optyce, a tak\u017ce jako \u017ar\u00f3d\u0142o fluoru. Minera\u0142y grupy III Strunza powstaj\u0105 g\u0142\u00f3wnie w wyniku odparowywania w\u00f3d morskich lub jeziornych, tworz\u0105c charakterystyczne z\u0142o\u017ca ewaporatowe. Dzi\u0119ki swoim w\u0142a\u015bciwo\u015bciom i szerokiemu zastosowaniu halogenki stanowi\u0105 wa\u017cne ogniwo mi\u0119dzy geologi\u0105 a codziennym \u017cyciem cz\u0142owieka.<\/p>\n","protected":false},"excerpt":{"rendered":"<p>Grupa III Strunza \u2013 Halogenki (Halides) obejmuje minera\u0142y, w kt\u00f3rych g\u0142\u00f3wnym sk\u0142adnikiem anionowym s\u0105 halogenki: fluor (F\u207b), chlor (Cl\u207b), brom&hellip; <\/p>\n","protected":false},"author":1,"featured_media":0,"parent":2236,"menu_order":0,"comment_status":"closed","ping_status":"closed","template":"","meta":{"give_campaign_id":0,"_monsterinsights_skip_tracking":false,"_monsterinsights_sitenote_active":false,"_monsterinsights_sitenote_note":"","_monsterinsights_sitenote_category":0,"_uf_show_specific_survey":0,"_uf_disable_surveys":false,"footnotes":""},"class_list":["post-2246","page","type-page","status-publish","hentry"],"aioseo_notices":[],"campaignId":"","_links":{"self":[{"href":"https:\/\/dfoto.pl\/index.php\/wp-json\/wp\/v2\/pages\/2246","targetHints":{"allow":["GET"]}}],"collection":[{"href":"https:\/\/dfoto.pl\/index.php\/wp-json\/wp\/v2\/pages"}],"about":[{"href":"https:\/\/dfoto.pl\/index.php\/wp-json\/wp\/v2\/types\/page"}],"author":[{"embeddable":true,"href":"https:\/\/dfoto.pl\/index.php\/wp-json\/wp\/v2\/users\/1"}],"replies":[{"embeddable":true,"href":"https:\/\/dfoto.pl\/index.php\/wp-json\/wp\/v2\/comments?post=2246"}],"version-history":[{"count":1,"href":"https:\/\/dfoto.pl\/index.php\/wp-json\/wp\/v2\/pages\/2246\/revisions"}],"predecessor-version":[{"id":2247,"href":"https:\/\/dfoto.pl\/index.php\/wp-json\/wp\/v2\/pages\/2246\/revisions\/2247"}],"up":[{"embeddable":true,"href":"https:\/\/dfoto.pl\/index.php\/wp-json\/wp\/v2\/pages\/2236"}],"wp:attachment":[{"href":"https:\/\/dfoto.pl\/index.php\/wp-json\/wp\/v2\/media?parent=2246"}],"curies":[{"name":"wp","href":"https:\/\/api.w.org\/{rel}","templated":true}]}}