{"id":2241,"date":"2025-10-01T13:56:34","date_gmt":"2025-10-01T13:56:34","guid":{"rendered":"https:\/\/dfoto.pl\/?page_id=2241"},"modified":"2025-10-01T23:08:16","modified_gmt":"2025-10-01T23:08:16","slug":"ii-siarczki-i-siarkosole","status":"publish","type":"page","link":"https:\/\/dfoto.pl\/index.php\/about\/mineraly\/ii-siarczki-i-siarkosole\/","title":{"rendered":"II &#8211; Siarczki i siarkosole"},"content":{"rendered":"<p>**Grupa II Strunza \u2013 Siarczki i siarsole (Sulfides and Sulfosalts) obejmuje minera\u0142y, w kt\u00f3rych g\u0142\u00f3wnym anionem jest siarka (S\u00b2\u207b), rzadziej selen (Se\u00b2\u207b) lub tellur (Te\u00b2\u207b). Tworz\u0105 one zwi\u0105zki z metalami, takimi jak \u017celazo, mied\u017a, o\u0142\u00f3w, cynk, rt\u0119\u0107 czy srebro. Struktura krystaliczna minera\u0142\u00f3w tej grupy opiera si\u0119 na wi\u0105zaniach mi\u0119dzy jonami metali i anionami siarczkowymi, co nadaje im charakterystyczne w\u0142a\u015bciwo\u015bci fizyczne \u2013 zwykle maj\u0105 metaliczny po\u0142ysk, nieprzezroczysty wygl\u0105d oraz stosunkowo du\u017c\u0105 g\u0119sto\u015b\u0107. Wi\u0119kszo\u015b\u0107 siarczk\u00f3w cechuje si\u0119 dobr\u0105 przewodno\u015bci\u0105 elektryczn\u0105 i twardo\u015bci\u0105 w zakresie od niskiej do \u015bredniej.<\/p>\n<p>Do najwa\u017cniejszych przedstawicieli grupy II nale\u017c\u0105 piryt (FeS\u2082), galena (PbS), sfaleryt (ZnS), chalkopiryt (CuFeS\u2082) i antymonit (Sb\u2082S\u2083). Minera\u0142y te stanowi\u0105 podstawowe \u017ar\u00f3d\u0142o metali przemys\u0142owych, takich jak o\u0142\u00f3w, cynk, mied\u017a czy srebro, odgrywaj\u0105c kluczow\u0105 rol\u0119 w g\u00f3rnictwie rudnym. Siarczki cz\u0119sto tworz\u0105 si\u0119 w procesach hydrotermalnych i magmowych, wyst\u0119puj\u0105c w \u017cy\u0142ach rudnych lub jako sk\u0142adniki ska\u0142 magmowych i metamorficznych. Grupa II Strunza ma zatem ogromne znaczenie zar\u00f3wno dla nauk geologicznych, jak i dla gospodarki \u2013 \u0142\u0105cz\u0105c naukowe pi\u0119kno minera\u0142\u00f3w z ich praktyczn\u0105 warto\u015bci\u0105 jako g\u0142\u00f3wnych rud metali.<\/p>\n","protected":false},"excerpt":{"rendered":"<p>**Grupa II Strunza \u2013 Siarczki i siarsole (Sulfides and Sulfosalts) obejmuje minera\u0142y, w kt\u00f3rych g\u0142\u00f3wnym anionem jest siarka (S\u00b2\u207b), rzadziej&hellip; <\/p>\n","protected":false},"author":1,"featured_media":0,"parent":2236,"menu_order":0,"comment_status":"closed","ping_status":"closed","template":"","meta":{"give_campaign_id":0,"_monsterinsights_skip_tracking":false,"_monsterinsights_sitenote_active":false,"_monsterinsights_sitenote_note":"","_monsterinsights_sitenote_category":0,"_uf_show_specific_survey":0,"_uf_disable_surveys":false,"footnotes":""},"class_list":["post-2241","page","type-page","status-publish","hentry"],"aioseo_notices":[],"campaignId":"","_links":{"self":[{"href":"https:\/\/dfoto.pl\/index.php\/wp-json\/wp\/v2\/pages\/2241","targetHints":{"allow":["GET"]}}],"collection":[{"href":"https:\/\/dfoto.pl\/index.php\/wp-json\/wp\/v2\/pages"}],"about":[{"href":"https:\/\/dfoto.pl\/index.php\/wp-json\/wp\/v2\/types\/page"}],"author":[{"embeddable":true,"href":"https:\/\/dfoto.pl\/index.php\/wp-json\/wp\/v2\/users\/1"}],"replies":[{"embeddable":true,"href":"https:\/\/dfoto.pl\/index.php\/wp-json\/wp\/v2\/comments?post=2241"}],"version-history":[{"count":2,"href":"https:\/\/dfoto.pl\/index.php\/wp-json\/wp\/v2\/pages\/2241\/revisions"}],"predecessor-version":[{"id":2310,"href":"https:\/\/dfoto.pl\/index.php\/wp-json\/wp\/v2\/pages\/2241\/revisions\/2310"}],"up":[{"embeddable":true,"href":"https:\/\/dfoto.pl\/index.php\/wp-json\/wp\/v2\/pages\/2236"}],"wp:attachment":[{"href":"https:\/\/dfoto.pl\/index.php\/wp-json\/wp\/v2\/media?parent=2241"}],"curies":[{"name":"wp","href":"https:\/\/api.w.org\/{rel}","templated":true}]}}