{"id":2238,"date":"2025-10-01T13:52:17","date_gmt":"2025-10-01T13:52:17","guid":{"rendered":"https:\/\/dfoto.pl\/?page_id=2238"},"modified":"2025-10-01T13:54:52","modified_gmt":"2025-10-01T13:54:52","slug":"i-pierwiastki-rodzime","status":"publish","type":"page","link":"https:\/\/dfoto.pl\/index.php\/about\/mineraly\/i-pierwiastki-rodzime\/","title":{"rendered":"I &#8211; Pierwiastki rodzime"},"content":{"rendered":"<p>Pierwiastki rodzime (Elements) obejmuje minera\u0142y zbudowane z pojedynczego pierwiastka chemicznego, wyst\u0119puj\u0105cego w stanie wolnym, czyli niepo\u0142\u0105czonego z innymi pierwiastkami w zwi\u0105zki chemiczne. Do tej grupy zaliczaj\u0105 si\u0119 zar\u00f3wno metale, takie jak z\u0142oto, srebro, mied\u017a czy platyna, jak i niemetale, np. siarka rodzima czy w\u0119giel w postaci grafitu i diamentu. Struktura krystaliczna tych minera\u0142\u00f3w jest zr\u00f3\u017cnicowana \u2013 od metalicznej sieci atom\u00f3w w metalach po kowalencyjne wi\u0105zania w strukturach niemetalicznych, co przek\u0142ada si\u0119 na szeroki zakres w\u0142a\u015bciwo\u015bci fizycznych, takich jak twardo\u015b\u0107, g\u0119sto\u015b\u0107, przewodnictwo elektryczne czy po\u0142ysk.<\/p>\n<p>Minera\u0142y z grupy pierwiastk\u00f3w rodzimych stanowi\u0105 wa\u017cny obiekt bada\u0144 geologicznych i gospodarczych. Metale rodzime, zw\u0142aszcza z\u0142oto, srebro i mied\u017a, maj\u0105 ogromne znaczenie ekonomiczne jako \u017ar\u00f3d\u0142o surowc\u00f3w naturalnych, wykorzystywanych w przemy\u015ble i jubilerstwie. Z kolei odmiany w\u0119gla, takie jak grafit i diament, reprezentuj\u0105 dwa skrajne przyk\u0142ady w\u0142a\u015bciwo\u015bci fizycznych tej samej substancji \u2013 od mi\u0119kkiego i t\u0142ustego w dotyku grafitu po niezwykle twardy diament. Grupa I Strunza ukazuje wi\u0119c bogactwo form, w jakich mog\u0105 wyst\u0119powa\u0107 pierwiastki w przyrodzie, b\u0119d\u0105c fascynuj\u0105cym punktem wyj\u015bcia do poznania budowy i w\u0142a\u015bciwo\u015bci minera\u0142\u00f3w.<\/p>\n","protected":false},"excerpt":{"rendered":"<p>Pierwiastki rodzime (Elements) obejmuje minera\u0142y zbudowane z pojedynczego pierwiastka chemicznego, wyst\u0119puj\u0105cego w stanie wolnym, czyli niepo\u0142\u0105czonego z innymi pierwiastkami w&hellip; <\/p>\n","protected":false},"author":1,"featured_media":0,"parent":2236,"menu_order":0,"comment_status":"closed","ping_status":"closed","template":"","meta":{"give_campaign_id":0,"_monsterinsights_skip_tracking":false,"_monsterinsights_sitenote_active":false,"_monsterinsights_sitenote_note":"","_monsterinsights_sitenote_category":0,"_uf_show_specific_survey":0,"_uf_disable_surveys":false,"footnotes":""},"class_list":["post-2238","page","type-page","status-publish","hentry"],"aioseo_notices":[],"campaignId":"","_links":{"self":[{"href":"https:\/\/dfoto.pl\/index.php\/wp-json\/wp\/v2\/pages\/2238","targetHints":{"allow":["GET"]}}],"collection":[{"href":"https:\/\/dfoto.pl\/index.php\/wp-json\/wp\/v2\/pages"}],"about":[{"href":"https:\/\/dfoto.pl\/index.php\/wp-json\/wp\/v2\/types\/page"}],"author":[{"embeddable":true,"href":"https:\/\/dfoto.pl\/index.php\/wp-json\/wp\/v2\/users\/1"}],"replies":[{"embeddable":true,"href":"https:\/\/dfoto.pl\/index.php\/wp-json\/wp\/v2\/comments?post=2238"}],"version-history":[{"count":1,"href":"https:\/\/dfoto.pl\/index.php\/wp-json\/wp\/v2\/pages\/2238\/revisions"}],"predecessor-version":[{"id":2239,"href":"https:\/\/dfoto.pl\/index.php\/wp-json\/wp\/v2\/pages\/2238\/revisions\/2239"}],"up":[{"embeddable":true,"href":"https:\/\/dfoto.pl\/index.php\/wp-json\/wp\/v2\/pages\/2236"}],"wp:attachment":[{"href":"https:\/\/dfoto.pl\/index.php\/wp-json\/wp\/v2\/media?parent=2238"}],"curies":[{"name":"wp","href":"https:\/\/api.w.org\/{rel}","templated":true}]}}